{"id":8912,"date":"2019-03-27T12:08:08","date_gmt":"2019-03-27T12:08:08","guid":{"rendered":"http:\/\/www.treatwell.be\/inspiration\/city-love\/"},"modified":"2019-03-27T16:06:56","modified_gmt":"2019-03-27T16:06:56","slug":"city-love","status":"publish","type":"page","link":"https:\/\/www.treatwell.be/inspiration\/city-love\/","title":{"rendered":"City Love"},"content":{"rendered":"<p><a style=\"font-size: 80px;line-height: 110%;font-weight: bold;text-align: left;text-decoration: none\" href=\"https:\/\/www.treatwell.be\/inspiration\/city-love\/#antwerp\">Antwerp<\/a><\/p>\n<p><a style=\"font-size: 80px;line-height: 110%;font-weight: bold;text-align: left;text-decoration: none\" href=\"https:\/\/www.treatwell.be\/inspiration\/city-love\/#gent\">Gent<\/a><\/p>\n<p><a style=\"font-size: 80px;line-height: 110%;font-weight: bold;text-align: left;text-decoration: none\" href=\"https:\/\/www.treatwell.be\/inspiration\/city-love\/#brussels\">Brussels<\/a><\/p>\n<p>\t\t\t\t<a href=\"https:\/\/www.treatwell.be\/inspiration\/city-love\/#antwerp\" target=\"_self\"><br \/>\n\t\t\t\t<img decoding=\"async\" src=\"https:\/\/www.treatwell.be/inspiration\/wp-content\/uploads\/sites\/11\/2019\/03\/BE_mobile_fr_01.jpg\" alt=\"BE_mobile_fr_01\" \/><br \/>\n\t\t\t\t<\/a><br \/>\n\t\t\t\t<a href=\"https:\/\/www.treatwell.be\/inspiration\/city-love\/#gent\" target=\"_self\"><br \/>\n\t\t\t\t<img decoding=\"async\" src=\"https:\/\/www.treatwell.be/inspiration\/wp-content\/uploads\/sites\/11\/2019\/03\/BE_mobile_fr_2.jpg\" alt=\"BE_mobile_fr_2\" \/><br \/>\n\t\t\t\t<\/a><br \/>\n\t\t\t\t<a href=\"https:\/\/www.treatwell.be\/inspiration\/city-love\/#brussels\" target=\"_self\"><br \/>\n\t\t\t\t<img decoding=\"async\" src=\"https:\/\/www.treatwell.be/inspiration\/wp-content\/uploads\/sites\/11\/2019\/03\/BE_mobile_fr_3.jpg\" alt=\"BE_mobile_fr_3\" \/><br \/>\n\t\t\t\t<\/a><\/p>\n<p style=\"text-align: center\">Ein neues Caf\u00e9 zu entdecken ist einfach: Man spaziert durch die Stra\u00dfen und hinter der n\u00e4chsten Ecke findet man eine kleine Oase mit wunderbarer Latte Art. Der perfekte Friseur dagegen kann durchaus aufwendiger sein. Lage, Interiour, Preis \u2013 viele Aspekte k\u00f6nnen eine Rolle spielen. Treatwell ist f\u00fcr euch da &amp; versorgt Euch im M\u00e4rz mit den sch\u00f6nsten Salon-Guides der Saison.<\/p>\n<p>\t\t\t\t<img decoding=\"async\" src=\"https:\/\/www.treatwell.be/inspiration\/wp-content\/uploads\/sites\/11\/2019\/03\/Antwerp.gif\" alt=\"Antwerp\" \/><\/p>\n<p style=\"text-align: left\">Parionse quidit illaborem nulpa nobis eversperum ulparciam il molorunt ipictus sit,<br \/>\nto bera cument veligendant pratur? Genis minci rerrum estem res pratiberem faccusaepel<br \/>\nin cum audi cum quis dolore dit aut ut qui dicabor molore re parumetur. <\/p>\n<p>\t\t\t<a href=\"c\" target=\"_self\" role=\"button\"><br \/>\n\t\t\t\t\t\t\tClick Here<br \/>\n\t\t\t\t\t<\/a><br \/>\n\t\t\t\t<img decoding=\"async\" src=\"https:\/\/www.treatwell.be/inspiration\/wp-content\/uploads\/sites\/11\/2019\/03\/Antwerp.jpg\" alt=\"Antwerp\" \/><\/p>\n<p style=\"font-size: 30px;line-height: 110%;font-weight: bold;text-align: left\">Name salon<br \/>\nname salon<\/p>\n<p>\t\t\t\t<img decoding=\"async\" src=\"https:\/\/de-de.twinspiration.wpengine.treatwell.com\/wp-content\/uploads\/sites\/7\/2019\/02\/Image-small-1.jpg\" alt=\"Image-small\" \/><\/p>\n<p>Lorem ipsum dolor sit amet,<br \/>\nconsectetur adipisicing elit, sed do<br \/>\neiusmod tempor incididunt ut.<\/p>\n<p>\t\t\t<a href=\"c\" target=\"_self\" role=\"button\"><br \/>\n\t\t\t\t\t\t\tClick Here<br \/>\n\t\t\t\t\t<\/a><\/p>\n<p style=\"font-size: 30px;line-height: 110%;font-weight: bold;text-align: left\">Name salon<br \/>\nname salon<\/p>\n<p>\t\t\t\t<img decoding=\"async\" src=\"https:\/\/de-de.twinspiration.wpengine.treatwell.com\/wp-content\/uploads\/sites\/7\/2019\/02\/Image-small-1.jpg\" alt=\"Image-small\" \/><\/p>\n<p>Lorem ipsum dolor sit amet,<br \/>\nconsectetur adipisicing elit, sed do<br \/>\neiusmod tempor incididunt ut.<\/p>\n<p>\t\t\t<a href=\"c\" target=\"_self\" role=\"button\"><br \/>\n\t\t\t\t\t\t\tClick Here<br \/>\n\t\t\t\t\t<\/a><\/p>\n<p style=\"font-size: 30px;line-height: 110%;font-weight: bold;text-align: left\">Name salon<br \/>\nname salon<\/p>\n<p>\t\t\t\t<img decoding=\"async\" src=\"https:\/\/de-de.twinspiration.wpengine.treatwell.com\/wp-content\/uploads\/sites\/7\/2019\/02\/Image-small-1.jpg\" alt=\"Image-small\" \/><\/p>\n<p>Lorem ipsum dolor sit amet,<br \/>\nconsectetur adipisicing elit, sed do<br \/>\neiusmod tempor incididunt ut.<\/p>\n<p>\t\t\t<a href=\"c\" target=\"_self\" role=\"button\"><br \/>\n\t\t\t\t\t\t\tClick Here<br \/>\n\t\t\t\t\t<\/a><br \/>\n\t\t\t\t<img decoding=\"async\" src=\"https:\/\/www.treatwell.be/inspiration\/wp-content\/uploads\/sites\/11\/2019\/03\/Gent.gif\" alt=\"Gent\" \/><\/p>\n<p style=\"text-align: left\">Parionse quidit illaborem nulpa nobis eversperum ulparciam il molorunt ipictus sit,<br \/>\nto bera cument veligendant pratur? Genis minci rerrum estem res pratiberem faccusaepel<br \/>\nin cum audi cum quis dolore dit aut ut qui dicabor molore re parumetur. <\/p>\n<p>\t\t\t<a href=\"c\" target=\"_self\" role=\"button\"><br \/>\n\t\t\t\t\t\t\tClick Here<br \/>\n\t\t\t\t\t<\/a><br \/>\n\t\t\t\t<img decoding=\"async\" src=\"https:\/\/www.treatwell.be/inspiration\/wp-content\/uploads\/sites\/11\/2019\/03\/Gent.jpg\" alt=\"Gent\" \/><\/p>\n<p style=\"font-size: 30px;line-height: 110%;font-weight: bold;text-align: left\">Name salon<br \/>\nname salon<\/p>\n<p>\t\t\t\t<img decoding=\"async\" src=\"https:\/\/de-de.twinspiration.wpengine.treatwell.com\/wp-content\/uploads\/sites\/7\/2019\/02\/Image-small-1.jpg\" alt=\"Image-small\" \/><\/p>\n<p>Lorem ipsum dolor sit amet,<br \/>\nconsectetur adipisicing elit, sed do<br \/>\neiusmod tempor incididunt ut.<\/p>\n<p>\t\t\t<a href=\"c\" target=\"_self\" role=\"button\"><br \/>\n\t\t\t\t\t\t\tClick Here<br \/>\n\t\t\t\t\t<\/a><\/p>\n<p style=\"font-size: 30px;line-height: 110%;font-weight: bold;text-align: left\">Name salon<br \/>\nname salon<\/p>\n<p>\t\t\t\t<img decoding=\"async\" src=\"https:\/\/de-de.twinspiration.wpengine.treatwell.com\/wp-content\/uploads\/sites\/7\/2019\/02\/Image-small-1.jpg\" alt=\"Image-small\" \/><\/p>\n<p>Lorem ipsum dolor sit amet,<br \/>\nconsectetur adipisicing elit, sed do<br \/>\neiusmod tempor incididunt ut.<\/p>\n<p>\t\t\t<a href=\"c\" target=\"_self\" role=\"button\"><br \/>\n\t\t\t\t\t\t\tClick Here<br \/>\n\t\t\t\t\t<\/a><\/p>\n<p style=\"font-size: 30px;line-height: 110%;font-weight: bold;text-align: left\">Name salon<br \/>\nname salon<\/p>\n<p>\t\t\t\t<img decoding=\"async\" src=\"https:\/\/de-de.twinspiration.wpengine.treatwell.com\/wp-content\/uploads\/sites\/7\/2019\/02\/Image-small-1.jpg\" alt=\"Image-small\" \/><\/p>\n<p>Lorem ipsum dolor sit amet,<br \/>\nconsectetur adipisicing elit, sed do<br \/>\neiusmod tempor incididunt ut.<\/p>\n<p>\t\t\t<a href=\"c\" target=\"_self\" role=\"button\"><br \/>\n\t\t\t\t\t\t\tClick Here<br \/>\n\t\t\t\t\t<\/a><br \/>\n\t\t\t\t<img decoding=\"async\" src=\"https:\/\/www.treatwell.be/inspiration\/wp-content\/uploads\/sites\/11\/2019\/03\/Brussels.gif\" alt=\"Brussels\" \/><\/p>\n<p style=\"text-align: left\">Parionse quidit illaborem nulpa nobis eversperum ulparciam il molorunt ipictus sit,<br \/>\nto bera cument veligendant pratur? Genis minci rerrum estem res pratiberem faccusaepel<br \/>\nin cum audi cum quis dolore dit aut ut qui dicabor molore re parumetur. <\/p>\n<p>\t\t\t<a href=\"c\" target=\"_self\" role=\"button\"><br \/>\n\t\t\t\t\t\t\tClick Here<br \/>\n\t\t\t\t\t<\/a><br \/>\n\t\t\t\t<img decoding=\"async\" src=\"https:\/\/www.treatwell.be/inspiration\/wp-content\/uploads\/sites\/11\/2019\/03\/Brussels.jpg\" alt=\"Brussels\" \/><\/p>\n<p style=\"font-size: 30px;line-height: 110%;font-weight: bold;text-align: left\">Name salon<br \/>\nname salon<\/p>\n<p>\t\t\t\t<img decoding=\"async\" src=\"https:\/\/de-de.twinspiration.wpengine.treatwell.com\/wp-content\/uploads\/sites\/7\/2019\/02\/Image-small-1.jpg\" alt=\"Image-small\" \/><\/p>\n<p>Lorem ipsum dolor sit amet,<br \/>\nconsectetur adipisicing elit, sed do<br \/>\neiusmod tempor incididunt ut.<\/p>\n<p>\t\t\t<a href=\"c\" target=\"_self\" role=\"button\"><br \/>\n\t\t\t\t\t\t\tClick Here<br \/>\n\t\t\t\t\t<\/a><\/p>\n<p style=\"font-size: 30px;line-height: 110%;font-weight: bold;text-align: left\">Name salon<br \/>\nname salon<\/p>\n<p>\t\t\t\t<img decoding=\"async\" src=\"https:\/\/de-de.twinspiration.wpengine.treatwell.com\/wp-content\/uploads\/sites\/7\/2019\/02\/Image-small-1.jpg\" alt=\"Image-small\" \/><\/p>\n<p>Lorem ipsum dolor sit amet,<br \/>\nconsectetur adipisicing elit, sed do<br \/>\neiusmod tempor incididunt ut.<\/p>\n<p>\t\t\t<a href=\"c\" target=\"_self\" role=\"button\"><br \/>\n\t\t\t\t\t\t\tClick Here<br \/>\n\t\t\t\t\t<\/a><\/p>\n<p style=\"font-size: 30px;line-height: 110%;font-weight: bold;text-align: left\">Name salon<br \/>\nname salon<\/p>\n<p>\t\t\t\t<img decoding=\"async\" src=\"https:\/\/de-de.twinspiration.wpengine.treatwell.com\/wp-content\/uploads\/sites\/7\/2019\/02\/Image-small-1.jpg\" alt=\"Image-small\" \/><\/p>\n<p>Lorem ipsum dolor sit amet,<br \/>\nconsectetur adipisicing elit, sed do<br \/>\neiusmod tempor incididunt ut.<\/p>\n<p>\t\t\t<a href=\"c\" target=\"_self\" role=\"button\"><br \/>\n\t\t\t\t\t\t\tClick Here<br \/>\n\t\t\t\t\t<\/a><br \/>\n\t\t\t<a href=\"https:\/\/www.treatwell.be\/inspiration\/city-love#top2\" target=\"_self\" role=\"button\"><br \/>\n\t\t\t\t\t\t\tSee all cities<br \/>\n\t\t\t\t\t<\/a><br \/>\n\t\t\t<a href=\"https:\/\/www.treatwell.be\/inspiration\/city-love\/#gent\" target=\"_self\" role=\"button\"><br \/>\n\t\t\t\t\t\t\thidden button &#8211; DON&#8217;T DELETE<br \/>\n\t\t\t\t\t<\/a><br \/>\n\t\t\t<a href=\"https:\/\/www.treatwell.be\/inspiration\/city-love\/#brussels\" target=\"_self\" role=\"button\"><br \/>\n\t\t\t\t\t\t\thidden button &#8211; DON&#8217;T DELETE<br \/>\n\t\t\t\t\t<\/a><br \/>\n\t\t\t<a href=\"https:\/\/www.treatwell.be\/inspiration\/city-love\/#antwerp\" target=\"_self\" role=\"button\"><br \/>\n\t\t\t\t\t\t\thidden button &#8211; DON&#8217;T DELETE<br \/>\n\t\t\t\t\t<\/a><br \/>\n\t\t\t<a href=\"https:\/\/www.treatwell.be\/inspiration\/city-love\/#top\" target=\"_self\" role=\"button\"><br \/>\n\t\t\t\t\t\tSee all cities<br \/>\n\t\t\t\t\t<\/a><\/p>\n","protected":false},"excerpt":{"rendered":"<p>Antwerp Gent Brussels Ein neues Caf\u00e9 zu entdecken ist einfach: Man spaziert durch die Stra\u00dfen und hinter der n\u00e4chsten Ecke findet man eine kleine Oase mit wunderbarer Latte Art. Der perfekte Friseur dagegen kann durchaus aufwendiger sein. Lage, Interiour, Preis \u2013 viele Aspekte k\u00f6nnen eine Rolle spielen. Treatwell ist f\u00fcr euch da &amp; versorgt Euch&hellip;<\/p>\n","protected":false},"author":124,"featured_media":0,"parent":0,"menu_order":0,"comment_status":"closed","ping_status":"closed","template":"","meta":{"inline_featured_image":false,"footnotes":""},"class_list":["post-8912","page","type-page","status-publish","hentry"],"yoast_head":"<!-- This site is optimized with the Yoast SEO plugin v27.4 - https:\/\/yoast.com\/product\/yoast-seo-wordpress\/ -->\n<title>City Love - Treatwell BE<\/title>\n<meta name=\"robots\" content=\"index, follow, max-snippet:-1, max-image-preview:large, max-video-preview:-1\" \/>\n<link rel=\"canonical\" href=\"https:\/\/www.treatwell.be/inspiration\/city-love\/\" \/>\n<meta property=\"og:locale\" content=\"nl_NL\" \/>\n<meta property=\"og:type\" content=\"article\" \/>\n<meta property=\"og:title\" content=\"City Love - Treatwell BE\" \/>\n<meta property=\"og:description\" content=\"Antwerp Gent Brussels Ein neues Caf\u00e9 zu entdecken ist einfach: Man spaziert durch die Stra\u00dfen und hinter der n\u00e4chsten Ecke findet man eine kleine Oase mit wunderbarer Latte Art. Der perfekte Friseur dagegen kann durchaus aufwendiger sein. Lage, Interiour, Preis \u2013 viele Aspekte k\u00f6nnen eine Rolle spielen. Treatwell ist f\u00fcr euch da &amp; versorgt Euch&hellip;\" \/>\n<meta property=\"og:url\" content=\"https:\/\/www.treatwell.be/inspiration\/city-love\/\" \/>\n<meta property=\"og:site_name\" content=\"Treatwell BE\" \/>\n<meta property=\"article:modified_time\" content=\"2019-03-27T16:06:56+00:00\" \/>\n<meta property=\"og:image\" content=\"https:\/\/www.treatwell.be/inspiration\/wp-content\/uploads\/sites\/11\/2019\/03\/BE_mobile_fr_01.jpg\" \/>\n<meta name=\"twitter:card\" content=\"summary_large_image\" \/>\n<meta name=\"twitter:label1\" content=\"Geschatte leestijd\" \/>\n\t<meta name=\"twitter:data1\" content=\"2 minuten\" \/>\n<script type=\"application\/ld+json\" class=\"yoast-schema-graph\">{\"@context\":\"https:\\\/\\\/schema.org\",\"@graph\":[{\"@type\":\"WebPage\",\"@id\":\"https:\\\/\\\/www.treatwell.be/inspiration\\\/city-love\\\/\",\"url\":\"https:\\\/\\\/www.treatwell.be/inspiration\\\/city-love\\\/\",\"name\":\"City Love - Treatwell BE\",\"isPartOf\":{\"@id\":\"https:\\\/\\\/www.treatwell.be/inspiration\\\/#website\"},\"primaryImageOfPage\":{\"@id\":\"https:\\\/\\\/www.treatwell.be/inspiration\\\/city-love\\\/#primaryimage\"},\"image\":{\"@id\":\"https:\\\/\\\/www.treatwell.be/inspiration\\\/city-love\\\/#primaryimage\"},\"thumbnailUrl\":\"https:\\\/\\\/www.treatwell.be/inspiration\\\/wp-content\\\/uploads\\\/sites\\\/11\\\/2019\\\/03\\\/BE_mobile_fr_01.jpg\",\"datePublished\":\"2019-03-27T12:08:08+00:00\",\"dateModified\":\"2019-03-27T16:06:56+00:00\",\"breadcrumb\":{\"@id\":\"https:\\\/\\\/www.treatwell.be/inspiration\\\/city-love\\\/#breadcrumb\"},\"inLanguage\":\"nl-NL\",\"potentialAction\":[{\"@type\":\"ReadAction\",\"target\":[\"https:\\\/\\\/www.treatwell.be/inspiration\\\/city-love\\\/\"]}]},{\"@type\":\"ImageObject\",\"inLanguage\":\"nl-NL\",\"@id\":\"https:\\\/\\\/www.treatwell.be/inspiration\\\/city-love\\\/#primaryimage\",\"url\":\"https:\\\/\\\/www.treatwell.be/inspiration\\\/wp-content\\\/uploads\\\/sites\\\/11\\\/2019\\\/03\\\/BE_mobile_fr_01.jpg\",\"contentUrl\":\"https:\\\/\\\/www.treatwell.be/inspiration\\\/wp-content\\\/uploads\\\/sites\\\/11\\\/2019\\\/03\\\/BE_mobile_fr_01.jpg\",\"width\":1125,\"height\":216},{\"@type\":\"BreadcrumbList\",\"@id\":\"https:\\\/\\\/www.treatwell.be/inspiration\\\/city-love\\\/#breadcrumb\",\"itemListElement\":[{\"@type\":\"ListItem\",\"position\":1,\"name\":\"Home\",\"item\":\"https:\\\/\\\/www.treatwell.be/inspiration\\\/\"},{\"@type\":\"ListItem\",\"position\":2,\"name\":\"City Love\"}]},{\"@type\":\"WebSite\",\"@id\":\"https:\\\/\\\/www.treatwell.be/inspiration\\\/#website\",\"url\":\"https:\\\/\\\/www.treatwell.be/inspiration\\\/\",\"name\":\"Treatwell BE\",\"description\":\"\",\"potentialAction\":[{\"@type\":\"SearchAction\",\"target\":{\"@type\":\"EntryPoint\",\"urlTemplate\":\"https:\\\/\\\/www.treatwell.be/inspiration\\\/?s={search_term_string}\"},\"query-input\":{\"@type\":\"PropertyValueSpecification\",\"valueRequired\":true,\"valueName\":\"search_term_string\"}}],\"inLanguage\":\"nl-NL\"}]}<\/script>\n<!-- \/ Yoast SEO plugin. -->","yoast_head_json":{"title":"City Love - Treatwell BE","robots":{"index":"index","follow":"follow","max-snippet":"max-snippet:-1","max-image-preview":"max-image-preview:large","max-video-preview":"max-video-preview:-1"},"canonical":"https:\/\/www.treatwell.be/inspiration\/city-love\/","og_locale":"nl_NL","og_type":"article","og_title":"City Love - Treatwell BE","og_description":"Antwerp Gent Brussels Ein neues Caf\u00e9 zu entdecken ist einfach: Man spaziert durch die Stra\u00dfen und hinter der n\u00e4chsten Ecke findet man eine kleine Oase mit wunderbarer Latte Art. Der perfekte Friseur dagegen kann durchaus aufwendiger sein. Lage, Interiour, Preis \u2013 viele Aspekte k\u00f6nnen eine Rolle spielen. Treatwell ist f\u00fcr euch da &amp; versorgt Euch&hellip;","og_url":"https:\/\/www.treatwell.be/inspiration\/city-love\/","og_site_name":"Treatwell BE","article_modified_time":"2019-03-27T16:06:56+00:00","og_image":[{"url":"https:\/\/www.treatwell.be/inspiration\/wp-content\/uploads\/sites\/11\/2019\/03\/BE_mobile_fr_01.jpg","type":"","width":"","height":""}],"twitter_card":"summary_large_image","twitter_misc":{"Geschatte leestijd":"2 minuten"},"schema":{"@context":"https:\/\/schema.org","@graph":[{"@type":"WebPage","@id":"https:\/\/www.treatwell.be/inspiration\/city-love\/","url":"https:\/\/www.treatwell.be/inspiration\/city-love\/","name":"City Love - Treatwell BE","isPartOf":{"@id":"https:\/\/www.treatwell.be/inspiration\/#website"},"primaryImageOfPage":{"@id":"https:\/\/www.treatwell.be/inspiration\/city-love\/#primaryimage"},"image":{"@id":"https:\/\/www.treatwell.be/inspiration\/city-love\/#primaryimage"},"thumbnailUrl":"https:\/\/www.treatwell.be/inspiration\/wp-content\/uploads\/sites\/11\/2019\/03\/BE_mobile_fr_01.jpg","datePublished":"2019-03-27T12:08:08+00:00","dateModified":"2019-03-27T16:06:56+00:00","breadcrumb":{"@id":"https:\/\/www.treatwell.be/inspiration\/city-love\/#breadcrumb"},"inLanguage":"nl-NL","potentialAction":[{"@type":"ReadAction","target":["https:\/\/www.treatwell.be/inspiration\/city-love\/"]}]},{"@type":"ImageObject","inLanguage":"nl-NL","@id":"https:\/\/www.treatwell.be/inspiration\/city-love\/#primaryimage","url":"https:\/\/www.treatwell.be/inspiration\/wp-content\/uploads\/sites\/11\/2019\/03\/BE_mobile_fr_01.jpg","contentUrl":"https:\/\/www.treatwell.be/inspiration\/wp-content\/uploads\/sites\/11\/2019\/03\/BE_mobile_fr_01.jpg","width":1125,"height":216},{"@type":"BreadcrumbList","@id":"https:\/\/www.treatwell.be/inspiration\/city-love\/#breadcrumb","itemListElement":[{"@type":"ListItem","position":1,"name":"Home","item":"https:\/\/www.treatwell.be/inspiration\/"},{"@type":"ListItem","position":2,"name":"City Love"}]},{"@type":"WebSite","@id":"https:\/\/www.treatwell.be/inspiration\/#website","url":"https:\/\/www.treatwell.be/inspiration\/","name":"Treatwell BE","description":"","potentialAction":[{"@type":"SearchAction","target":{"@type":"EntryPoint","urlTemplate":"https:\/\/www.treatwell.be/inspiration\/?s={search_term_string}"},"query-input":{"@type":"PropertyValueSpecification","valueRequired":true,"valueName":"search_term_string"}}],"inLanguage":"nl-NL"}]}},"_links":{"self":[{"href":"https:\/\/www.treatwell.be\/inspiration\/wp-json\/wp\/v2\/pages\/8912","targetHints":{"allow":["GET"]}}],"collection":[{"href":"https:\/\/www.treatwell.be\/inspiration\/wp-json\/wp\/v2\/pages"}],"about":[{"href":"https:\/\/www.treatwell.be\/inspiration\/wp-json\/wp\/v2\/types\/page"}],"author":[{"embeddable":true,"href":"https:\/\/www.treatwell.be\/inspiration\/wp-json\/wp\/v2\/users\/124"}],"replies":[{"embeddable":true,"href":"https:\/\/www.treatwell.be\/inspiration\/wp-json\/wp\/v2\/comments?post=8912"}],"version-history":[{"count":0,"href":"https:\/\/www.treatwell.be\/inspiration\/wp-json\/wp\/v2\/pages\/8912\/revisions"}],"wp:attachment":[{"href":"https:\/\/www.treatwell.be\/inspiration\/wp-json\/wp\/v2\/media?parent=8912"}],"curies":[{"name":"wp","href":"https:\/\/api.w.org\/{rel}","templated":true}]}}