{"id":10487,"date":"2020-09-30T09:43:22","date_gmt":"2020-09-30T09:43:22","guid":{"rendered":"https:\/\/www.treatwell.be\/inspiration\/?page_id=10487"},"modified":"2020-10-02T08:34:01","modified_gmt":"2020-10-02T08:34:01","slug":"coupedecoeur","status":"publish","type":"page","link":"https:\/\/www.treatwell.be/inspiration\/coupedecoeur\/","title":{"rendered":"coupe de coeur"},"content":{"rendered":"<h1>\n\t\tCoupe de Coeur<br \/>\n\t<\/h1>\n<p>\t\t\t\t<img loading=\"lazy\" decoding=\"async\" src=\"https:\/\/www.treatwell.be/inspiration\/wp-content\/uploads\/sites\/11\/2020\/09\/logos-french-b2c.png\" alt=\"logos-french-b2c\" height=\"235\" width=\"1156\" title=\"logos-french-b2c\" \/><\/p>\n<h1>\n\t\tCoupe de coeur<br \/>\n\t<\/h1>\n<p>\t\t\t\t<img loading=\"lazy\" decoding=\"async\" src=\"https:\/\/www.treatwell.be/inspiration\/wp-content\/uploads\/sites\/11\/2020\/09\/logos-french-b2c.png\" alt=\"logos-french-b2c\" height=\"235\" width=\"1156\" title=\"logos-french-b2c\" \/><br \/>\n\t\t\t\t<img loading=\"lazy\" decoding=\"async\" src=\"https:\/\/www.treatwell.be/inspiration\/wp-content\/uploads\/sites\/11\/2020\/09\/illie-find.png\" alt=\"illie-find\" height=\"252\" width=\"515\" title=\"illie-find\" \/><\/p>\n<p>En Belgique, <strong>1 femme sur 9<\/strong> re\u00e7oit le diagnostic d&#8217;un cancer du sein<\/p>\n<p>\t\t\t\t<img loading=\"lazy\" decoding=\"async\" src=\"https:\/\/www.treatwell.be/inspiration\/wp-content\/uploads\/sites\/11\/2020\/09\/illie-hairlos.png\" alt=\"illie-hairlos\" height=\"252\" width=\"553\" title=\"illie-hairlos\" \/><\/p>\n<p>L&#8217;une des cons\u00e9quences les plus visibles de la <strong>chimioth\u00e9rapie<\/strong> est la perte des cheveux<\/p>\n<p>\t\t\t\t<img loading=\"lazy\" decoding=\"async\" src=\"https:\/\/www.treatwell.be/inspiration\/wp-content\/uploads\/sites\/11\/2020\/09\/illie-cut.png\" alt=\"illie-cut\" height=\"252\" width=\"539\" title=\"illie-cut\" \/><\/p>\n<p>Une perruque en cheveux naturels requiert <strong>6 \u00e0 8<\/strong> dons<\/p>\n<p>\t\t\t\t<img loading=\"lazy\" decoding=\"async\" src=\"https:\/\/www.treatwell.be/inspiration\/wp-content\/uploads\/sites\/11\/2020\/09\/illie-cost.png\" alt=\"illie-cost\" height=\"252\" width=\"520\" title=\"illie-cost\" \/><\/p>\n<p>Le refroidissement du cuir chevelu est un traitement hospitalier qui permet de r\u00e9duire l&#8217;impact n\u00e9gatif de la chimioth\u00e9rapie sur la racine des cheveux. En cons\u00e9quence, la perte de cheveux chez les patientes atteintes d&#8217;un cancer (du sein) peut \u00eatre (partiellement) \u00e9vit\u00e9e.<\/p>\n<h3>\n\t\tFaire don de vos cheveux \u00e0 Pink Ribbon permet \u00e0 d&#8217;autres personnes atteintes d&#8217;un cancer du sein de garder une chevelure.  Le projet pr\u00e9sente un double objectif :<br \/>\n\t<\/h3>\n<p><strong>1<\/strong><\/p>\n<p>Pink Ribbon travaille en collaboration avec des fabricants de perruques belges afin de recevoir des dons de cheveux et que ceux-ci soient class\u00e9s, tri\u00e9s et revendus a un prix accessible. Ces fabricants sont ensuite charg\u00e9s de produire des perruques que les patientes atteintes d&#8217;un cancer du sein pourront obtenir \u00e0 un prix avantageux (-20%)<\/p>\n<p>\t\t\t\t<img loading=\"lazy\" decoding=\"async\" src=\"https:\/\/www.treatwell.be/inspiration\/wp-content\/uploads\/sites\/11\/2020\/09\/image_cut.png\" alt=\"image_cut\" height=\"1057\" width=\"1064\" title=\"image_cut\" \/><br \/>\n\t\t\t\t<img loading=\"lazy\" decoding=\"async\" src=\"https:\/\/www.treatwell.be/inspiration\/wp-content\/uploads\/sites\/11\/2020\/09\/image_hair.png\" alt=\"image_hair\" height=\"1059\" width=\"1064\" title=\"image_hair\" \/><\/p>\n<p>2<\/p>\n<p>Une autre partie des dons de cheveux est vendue principalement \u00e0 des fabricants de perruques belges afin de r\u00e9colter des fonds. Gr\u00e2ce \u00e0 ces b\u00e9n\u00e9fices, Pink Ribbon pourra financer les traitements de refroidissement du cuir chevelu dans les hopitaux belges afin de pr\u00e9server la chevelure des patientes atteintes d&#8217;un cancer du sein.<\/p>\n<p>\t\t\t<a href=\"https:\/\/www.treatwell.be\/salons\/aanbod-tag-coupe-de-coeur\/\" target=\"_self\" role=\"button\"><br \/>\n\t\t\t\t\t\t\tCoupe de coeur<br \/>\n\t\t\t\t\t<\/a><\/p>\n<h2>\n\t\t4 crit\u00e8res pour un don de cheveux<br \/>\n\t<\/h2>\n<p>\t\t\t\t<img loading=\"lazy\" decoding=\"async\" src=\"https:\/\/www.treatwell.be/inspiration\/wp-content\/uploads\/sites\/11\/2020\/09\/illie-length.png\" alt=\"illie-length\" height=\"313\" width=\"305\" title=\"illie-length\" \/><\/p>\n<p><strong>Longueur<\/strong><\/p>\n<p>Minimum 25 cm.<\/p>\n<p>\t\t\t\t<img loading=\"lazy\" decoding=\"async\" src=\"https:\/\/www.treatwell.be/inspiration\/wp-content\/uploads\/sites\/11\/2020\/09\/illie_hairtypes.png\" alt=\"illie_hairtypes\" height=\"314\" width=\"309\" title=\"illie_hairtypes\" \/><\/p>\n<p><strong>Structure<\/strong><\/p>\n<p>Raide, ondul\u00e9, boucl\u00e9; tout est accept\u00e9 ! <\/p>\n<p>\t\t\t\t<img loading=\"lazy\" decoding=\"async\" src=\"https:\/\/www.treatwell.be/inspiration\/wp-content\/uploads\/sites\/11\/2020\/09\/illie-pony.png\" alt=\"illie-pony\" height=\"316\" width=\"305\" title=\"illie-pony\" \/><\/p>\n<p><strong>Don<\/strong><\/p>\n<p>Le don doit \u00eatre propre, sec et pr\u00e9sent\u00e9 en queue de cheval.<\/p>\n<p>\t\t\t\t<img loading=\"lazy\" decoding=\"async\" src=\"https:\/\/www.treatwell.be/inspiration\/wp-content\/uploads\/sites\/11\/2020\/09\/illie-colour.png\" alt=\"illie-colour\" height=\"316\" width=\"309\" title=\"illie-colour\" \/><\/p>\n<p><strong>Couleur <\/strong><\/p>\n<p>Toutes les couleurs de cheveux naturelles sont les bienvenues, y compris les cheveux gris. Les cheveux teints ou avec des reflets\/highlights sont \u00e9galement autoris\u00e9s, \u00e0 condition qu&#8217;ils aient l&#8217;air naturels.<\/p>\n<h2>\n\t\tComment se passe un don ?<br \/>\n\t<\/h2>\n<p>1. Votre r\u00e9servation &#8220;Coupe de coeur&#8221; est confirm\u00e9e.<br \/>\n2. Vous arriv\u00e9ez au salon dans lequel vous avez r\u00e9serv\u00e9.<br \/>\n3. Assurez-vous que vos cheveux soient propres et secs avant le rendez-vous.<br \/>\n4. Le coiffeur fera une queue de cheval basse, tressera vos cheveux et coupera la tresse au-dessus de l&#8217;\u00e9lastique sup\u00e9rieur.<br \/>\n5. Le coiffeur termine votre coupe de cheveux.<br \/>\n6. La tresse est mise dans une enveloppe et envoy\u00e9e \u00e0 Pink Ribbon.<\/p>\n<p>\t\t\t\t<img loading=\"lazy\" decoding=\"async\" src=\"https:\/\/www.treatwell.be/inspiration\/wp-content\/uploads\/sites\/11\/2020\/09\/banner_neighbourhood-2.gif\" alt=\"banner_neighbourhood\" height=\"239\" width=\"400\" title=\"banner_neighbourhood\" \/><\/p>\n<p>Vous souhaitez faire don de vos cheveux ? <\/p>\n<p>\t\t\t<a href=\"https:\/\/www.treatwell.be\/salons\/aanbod-tag-coupe-de-coeur\/\" target=\"_self\" role=\"button\"><br \/>\n\t\t\t\t\t\t\tVoici la liste des salons participants en Belgique :<br \/>\n\t\t\t\t\t<\/a><br \/>\n\t\t\t\t<img loading=\"lazy\" decoding=\"async\" src=\"https:\/\/www.treatwell.be/inspiration\/wp-content\/uploads\/sites\/11\/2020\/09\/icon_insta.jpg\" alt=\"icon_insta\" height=\"76\" width=\"86\" title=\"icon_insta\" \/><\/p>\n<p>Partagez votre exp\u00e9rience sur Instagram via le hashtag\u00a0\u00a0#coupedecoeur et identifiez-nous\u00a0<a href=\"https:\/\/www.instagram.com\/treatwellbe\/\">@treatwellbe.<\/a><\/p>\n","protected":false},"excerpt":{"rendered":"<p>Coupe de Coeur Coupe de coeur En Belgique, 1 femme sur 9 re\u00e7oit le diagnostic d&#8217;un cancer du sein L&#8217;une des cons\u00e9quences les plus visibles de la chimioth\u00e9rapie est la perte des cheveux Une perruque en cheveux naturels requiert 6 \u00e0 8 dons Le refroidissement du cuir chevelu est un traitement hospitalier qui permet de&hellip;<\/p>\n","protected":false},"author":147,"featured_media":0,"parent":0,"menu_order":0,"comment_status":"closed","ping_status":"closed","template":"","meta":{"inline_featured_image":false,"footnotes":""},"class_list":["post-10487","page","type-page","status-publish","hentry"],"yoast_head":"<!-- This site is optimized with the Yoast SEO plugin v27.3 - https:\/\/yoast.com\/product\/yoast-seo-wordpress\/ -->\n<title>coupe de coeur - Treatwell BE<\/title>\n<meta name=\"robots\" content=\"index, follow, max-snippet:-1, max-image-preview:large, max-video-preview:-1\" \/>\n<link rel=\"canonical\" href=\"https:\/\/www.treatwell.be/inspiration\/coupedecoeur\/\" \/>\n<meta property=\"og:locale\" content=\"nl_NL\" \/>\n<meta property=\"og:type\" content=\"article\" \/>\n<meta property=\"og:title\" content=\"coupe de coeur - Treatwell BE\" \/>\n<meta property=\"og:description\" content=\"Coupe de Coeur Coupe de coeur En Belgique, 1 femme sur 9 re\u00e7oit le diagnostic d&#8217;un cancer du sein L&#8217;une des cons\u00e9quences les plus visibles de la chimioth\u00e9rapie est la perte des cheveux Une perruque en cheveux naturels requiert 6 \u00e0 8 dons Le refroidissement du cuir chevelu est un traitement hospitalier qui permet de&hellip;\" \/>\n<meta property=\"og:url\" content=\"https:\/\/www.treatwell.be/inspiration\/coupedecoeur\/\" \/>\n<meta property=\"og:site_name\" content=\"Treatwell BE\" \/>\n<meta property=\"article:modified_time\" content=\"2020-10-02T08:34:01+00:00\" \/>\n<meta property=\"og:image\" content=\"https:\/\/www.treatwell.be/inspiration\/wp-content\/uploads\/sites\/11\/2020\/09\/logos-french-b2c.png\" \/>\n<meta name=\"twitter:card\" content=\"summary_large_image\" \/>\n<meta name=\"twitter:label1\" content=\"Geschatte leestijd\" \/>\n\t<meta name=\"twitter:data1\" content=\"2 minuten\" \/>\n<script type=\"application\/ld+json\" class=\"yoast-schema-graph\">{\"@context\":\"https:\\\/\\\/schema.org\",\"@graph\":[{\"@type\":\"WebPage\",\"@id\":\"https:\\\/\\\/www.treatwell.be/inspiration\\\/coupedecoeur\\\/\",\"url\":\"https:\\\/\\\/www.treatwell.be/inspiration\\\/coupedecoeur\\\/\",\"name\":\"coupe de coeur - Treatwell BE\",\"isPartOf\":{\"@id\":\"https:\\\/\\\/www.treatwell.be/inspiration\\\/#website\"},\"primaryImageOfPage\":{\"@id\":\"https:\\\/\\\/www.treatwell.be/inspiration\\\/coupedecoeur\\\/#primaryimage\"},\"image\":{\"@id\":\"https:\\\/\\\/www.treatwell.be/inspiration\\\/coupedecoeur\\\/#primaryimage\"},\"thumbnailUrl\":\"https:\\\/\\\/www.treatwell.be/inspiration\\\/wp-content\\\/uploads\\\/sites\\\/11\\\/2020\\\/09\\\/logos-french-b2c.png\",\"datePublished\":\"2020-09-30T09:43:22+00:00\",\"dateModified\":\"2020-10-02T08:34:01+00:00\",\"breadcrumb\":{\"@id\":\"https:\\\/\\\/www.treatwell.be/inspiration\\\/coupedecoeur\\\/#breadcrumb\"},\"inLanguage\":\"nl-NL\",\"potentialAction\":[{\"@type\":\"ReadAction\",\"target\":[\"https:\\\/\\\/www.treatwell.be/inspiration\\\/coupedecoeur\\\/\"]}]},{\"@type\":\"ImageObject\",\"inLanguage\":\"nl-NL\",\"@id\":\"https:\\\/\\\/www.treatwell.be/inspiration\\\/coupedecoeur\\\/#primaryimage\",\"url\":\"https:\\\/\\\/www.treatwell.be/inspiration\\\/wp-content\\\/uploads\\\/sites\\\/11\\\/2020\\\/09\\\/logos-french-b2c.png\",\"contentUrl\":\"https:\\\/\\\/www.treatwell.be/inspiration\\\/wp-content\\\/uploads\\\/sites\\\/11\\\/2020\\\/09\\\/logos-french-b2c.png\",\"width\":1156,\"height\":235},{\"@type\":\"BreadcrumbList\",\"@id\":\"https:\\\/\\\/www.treatwell.be/inspiration\\\/coupedecoeur\\\/#breadcrumb\",\"itemListElement\":[{\"@type\":\"ListItem\",\"position\":1,\"name\":\"Home\",\"item\":\"https:\\\/\\\/www.treatwell.be/inspiration\\\/\"},{\"@type\":\"ListItem\",\"position\":2,\"name\":\"coupe de coeur\"}]},{\"@type\":\"WebSite\",\"@id\":\"https:\\\/\\\/www.treatwell.be/inspiration\\\/#website\",\"url\":\"https:\\\/\\\/www.treatwell.be/inspiration\\\/\",\"name\":\"Treatwell BE\",\"description\":\"\",\"potentialAction\":[{\"@type\":\"SearchAction\",\"target\":{\"@type\":\"EntryPoint\",\"urlTemplate\":\"https:\\\/\\\/www.treatwell.be/inspiration\\\/?s={search_term_string}\"},\"query-input\":{\"@type\":\"PropertyValueSpecification\",\"valueRequired\":true,\"valueName\":\"search_term_string\"}}],\"inLanguage\":\"nl-NL\"}]}<\/script>\n<!-- \/ Yoast SEO plugin. -->","yoast_head_json":{"title":"coupe de coeur - Treatwell BE","robots":{"index":"index","follow":"follow","max-snippet":"max-snippet:-1","max-image-preview":"max-image-preview:large","max-video-preview":"max-video-preview:-1"},"canonical":"https:\/\/www.treatwell.be/inspiration\/coupedecoeur\/","og_locale":"nl_NL","og_type":"article","og_title":"coupe de coeur - Treatwell BE","og_description":"Coupe de Coeur Coupe de coeur En Belgique, 1 femme sur 9 re\u00e7oit le diagnostic d&#8217;un cancer du sein L&#8217;une des cons\u00e9quences les plus visibles de la chimioth\u00e9rapie est la perte des cheveux Une perruque en cheveux naturels requiert 6 \u00e0 8 dons Le refroidissement du cuir chevelu est un traitement hospitalier qui permet de&hellip;","og_url":"https:\/\/www.treatwell.be/inspiration\/coupedecoeur\/","og_site_name":"Treatwell BE","article_modified_time":"2020-10-02T08:34:01+00:00","og_image":[{"url":"https:\/\/www.treatwell.be/inspiration\/wp-content\/uploads\/sites\/11\/2020\/09\/logos-french-b2c.png","type":"","width":"","height":""}],"twitter_card":"summary_large_image","twitter_misc":{"Geschatte leestijd":"2 minuten"},"schema":{"@context":"https:\/\/schema.org","@graph":[{"@type":"WebPage","@id":"https:\/\/www.treatwell.be/inspiration\/coupedecoeur\/","url":"https:\/\/www.treatwell.be/inspiration\/coupedecoeur\/","name":"coupe de coeur - Treatwell BE","isPartOf":{"@id":"https:\/\/www.treatwell.be/inspiration\/#website"},"primaryImageOfPage":{"@id":"https:\/\/www.treatwell.be/inspiration\/coupedecoeur\/#primaryimage"},"image":{"@id":"https:\/\/www.treatwell.be/inspiration\/coupedecoeur\/#primaryimage"},"thumbnailUrl":"https:\/\/www.treatwell.be/inspiration\/wp-content\/uploads\/sites\/11\/2020\/09\/logos-french-b2c.png","datePublished":"2020-09-30T09:43:22+00:00","dateModified":"2020-10-02T08:34:01+00:00","breadcrumb":{"@id":"https:\/\/www.treatwell.be/inspiration\/coupedecoeur\/#breadcrumb"},"inLanguage":"nl-NL","potentialAction":[{"@type":"ReadAction","target":["https:\/\/www.treatwell.be/inspiration\/coupedecoeur\/"]}]},{"@type":"ImageObject","inLanguage":"nl-NL","@id":"https:\/\/www.treatwell.be/inspiration\/coupedecoeur\/#primaryimage","url":"https:\/\/www.treatwell.be/inspiration\/wp-content\/uploads\/sites\/11\/2020\/09\/logos-french-b2c.png","contentUrl":"https:\/\/www.treatwell.be/inspiration\/wp-content\/uploads\/sites\/11\/2020\/09\/logos-french-b2c.png","width":1156,"height":235},{"@type":"BreadcrumbList","@id":"https:\/\/www.treatwell.be/inspiration\/coupedecoeur\/#breadcrumb","itemListElement":[{"@type":"ListItem","position":1,"name":"Home","item":"https:\/\/www.treatwell.be/inspiration\/"},{"@type":"ListItem","position":2,"name":"coupe de coeur"}]},{"@type":"WebSite","@id":"https:\/\/www.treatwell.be/inspiration\/#website","url":"https:\/\/www.treatwell.be/inspiration\/","name":"Treatwell BE","description":"","potentialAction":[{"@type":"SearchAction","target":{"@type":"EntryPoint","urlTemplate":"https:\/\/www.treatwell.be/inspiration\/?s={search_term_string}"},"query-input":{"@type":"PropertyValueSpecification","valueRequired":true,"valueName":"search_term_string"}}],"inLanguage":"nl-NL"}]}},"_links":{"self":[{"href":"https:\/\/www.treatwell.be\/inspiration\/wp-json\/wp\/v2\/pages\/10487","targetHints":{"allow":["GET"]}}],"collection":[{"href":"https:\/\/www.treatwell.be\/inspiration\/wp-json\/wp\/v2\/pages"}],"about":[{"href":"https:\/\/www.treatwell.be\/inspiration\/wp-json\/wp\/v2\/types\/page"}],"author":[{"embeddable":true,"href":"https:\/\/www.treatwell.be\/inspiration\/wp-json\/wp\/v2\/users\/147"}],"replies":[{"embeddable":true,"href":"https:\/\/www.treatwell.be\/inspiration\/wp-json\/wp\/v2\/comments?post=10487"}],"version-history":[{"count":0,"href":"https:\/\/www.treatwell.be\/inspiration\/wp-json\/wp\/v2\/pages\/10487\/revisions"}],"wp:attachment":[{"href":"https:\/\/www.treatwell.be\/inspiration\/wp-json\/wp\/v2\/media?parent=10487"}],"curies":[{"name":"wp","href":"https:\/\/api.w.org\/{rel}","templated":true}]}}